{"id":1975,"date":"2024-05-14T08:36:24","date_gmt":"2024-05-14T08:36:24","guid":{"rendered":"https:\/\/berhouse.activaweb.net\/vendre\/"},"modified":"2025-01-23T15:10:27","modified_gmt":"2025-01-23T15:10:27","slug":"vendre","status":"publish","type":"page","link":"https:\/\/berhouse.com\/ca\/vendre\/","title":{"rendered":"Vendre"},"content":{"rendered":"\t\t<div data-elementor-type=\"wp-page\" data-elementor-id=\"1975\" class=\"elementor elementor-1975 elementor-66\" data-elementor-post-type=\"page\">\n\t\t\t\t<div class=\"elementor-element elementor-element-fa534d0 e-flex e-con-boxed e-con e-parent\" data-id=\"fa534d0\" data-element_type=\"container\" data-e-type=\"container\" data-settings=\"{&quot;background_background&quot;:&quot;slideshow&quot;,&quot;background_slideshow_gallery&quot;:[{&quot;id&quot;:3952,&quot;url&quot;:&quot;https:\\\/\\\/berhouse.com\\\/wp-content\\\/uploads\\\/2024\\\/12\\\/pexels-quark-studio-1159039-2506986.webp&quot;}],&quot;background_slideshow_slide_duration&quot;:7000,&quot;background_slideshow_transition_duration&quot;:1000,&quot;background_slideshow_loop&quot;:&quot;yes&quot;,&quot;background_slideshow_slide_transition&quot;:&quot;fade&quot;}\">\n\t\t\t\t\t<div class=\"e-con-inner\">\n\t\t\t\t\t<\/div>\n\t\t\t\t<\/div>\n\t\t<div class=\"elementor-element elementor-element-33fcf2f e-con-full e-flex e-con e-parent\" data-id=\"33fcf2f\" data-element_type=\"container\" data-e-type=\"container\" data-settings=\"{&quot;background_background&quot;:&quot;classic&quot;}\">\n\t\t<div class=\"elementor-element elementor-element-7ea0866 e-con-full e-flex e-con e-child\" data-id=\"7ea0866\" data-element_type=\"container\" data-e-type=\"container\">\n\t\t\t\t<div class=\"elementor-element elementor-element-488c6a0 elementor-widget elementor-widget-image\" data-id=\"488c6a0\" data-element_type=\"widget\" data-e-type=\"widget\" data-widget_type=\"image.default\">\n\t\t\t\t<div class=\"elementor-widget-container\">\n\t\t\t\t\t\t\t\t\t\t\t\t\t\t\t<img decoding=\"async\" width=\"250\" height=\"35\" src=\"https:\/\/berhouse.com\/wp-content\/uploads\/2024\/05\/logo-text-2.png\" class=\"attachment-full size-full wp-image-31\" alt=\"logo-text\" \/>\t\t\t\t\t\t\t\t\t\t\t\t\t\t\t<\/div>\n\t\t\t\t<\/div>\n\t\t\t\t<\/div>\n\t\t\t\t<\/div>\n\t\t<div class=\"elementor-element elementor-element-167ea8c e-con-full e-flex e-con e-parent\" data-id=\"167ea8c\" data-element_type=\"container\" data-e-type=\"container\" data-settings=\"{&quot;background_background&quot;:&quot;classic&quot;}\">\n\t\t<div class=\"elementor-element elementor-element-8a714d4 e-flex e-con-boxed e-con e-child\" data-id=\"8a714d4\" data-element_type=\"container\" data-e-type=\"container\">\n\t\t\t\t\t<div class=\"e-con-inner\">\n\t\t\t\t<div class=\"elementor-element elementor-element-952aa21 elementor-widget__width-inherit elementor-widget-divider--view-line elementor-invisible elementor-widget elementor-widget-divider\" data-id=\"952aa21\" data-element_type=\"widget\" data-e-type=\"widget\" data-settings=\"{&quot;_animation&quot;:&quot;fadeInLeft&quot;}\" data-widget_type=\"divider.default\">\n\t\t\t\t<div class=\"elementor-widget-container\">\n\t\t\t\t\t\t\t<div class=\"elementor-divider\">\n\t\t\t<span class=\"elementor-divider-separator\">\n\t\t\t\t\t\t<\/span>\n\t\t<\/div>\n\t\t\t\t\t\t<\/div>\n\t\t\t\t<\/div>\n\t\t<div class=\"elementor-element elementor-element-82234f3 e-con-full e-flex e-con e-child\" data-id=\"82234f3\" data-element_type=\"container\" data-e-type=\"container\">\n\t\t\t\t<div class=\"elementor-element elementor-element-148a4a0 elementor-widget__width-initial elementor-widget-tablet__width-inherit elementor-widget-mobile__width-inherit elementor-widget elementor-widget-heading\" data-id=\"148a4a0\" data-element_type=\"widget\" data-e-type=\"widget\" data-widget_type=\"heading.default\">\n\t\t\t\t<div class=\"elementor-widget-container\">\n\t\t\t\t\t<h1 class=\"elementor-heading-title elementor-size-default\">Est\u00e0s a punt per vendre la teva propietat amb \u00e8xit?<\/h1>\t\t\t\t<\/div>\n\t\t\t\t<\/div>\n\t\t\t\t<div class=\"elementor-element elementor-element-3c5c5f5 elementor-widget__width-initial elementor-widget-tablet__width-inherit elementor-widget elementor-widget-heading\" data-id=\"3c5c5f5\" data-element_type=\"widget\" data-e-type=\"widget\" data-widget_type=\"heading.default\">\n\t\t\t\t<div class=\"elementor-widget-container\">\n\t\t\t\t\t<h1 class=\"elementor-heading-title elementor-size-default\">Som aqu\u00ed per assegurar-ho!<\/h1>\t\t\t\t<\/div>\n\t\t\t\t<\/div>\n\t\t\t\t<\/div>\n\t\t\t\t<div class=\"elementor-element elementor-element-40843ad elementor-widget__width-initial elementor-widget-mobile__width-inherit elementor-widget elementor-widget-text-editor\" data-id=\"40843ad\" data-element_type=\"widget\" data-e-type=\"widget\" data-widget_type=\"text-editor.default\">\n\t\t\t\t<div class=\"elementor-widget-container\">\n\t\t\t\t\t\t\t\t\t<p>A Berhouse fa anys que lidera el mercat immobiliari amb un historial comprovat d&#8217;operacions exitoses. Sabem que vendre la teva propietat \u00e9s una decisi\u00f3 important, i el nostre equip d&#8217;experts est\u00e0 comprom\u00e8s a oferir-te un proc\u00e9s de venda segur, eficient i sense complicacions. <\/p>\n\t\t\t\t\t\t\t\t<\/div>\n\t\t\t\t<\/div>\n\t\t\t\t\t<\/div>\n\t\t\t\t<\/div>\n\t\t\t\t<\/div>\n\t\t<div class=\"elementor-element elementor-element-95c8ff7 e-flex e-con-boxed e-con e-parent\" data-id=\"95c8ff7\" data-element_type=\"container\" data-e-type=\"container\">\n\t\t\t\t\t<div class=\"e-con-inner\">\n\t\t<div class=\"elementor-element elementor-element-c532e07 e-con-full e-flex e-con e-child\" data-id=\"c532e07\" data-element_type=\"container\" data-e-type=\"container\" data-settings=\"{&quot;background_background&quot;:&quot;classic&quot;}\">\n\t\t\t\t<div class=\"elementor-element elementor-element-05f0ea3 elementor-view-default elementor-widget elementor-widget-icon\" data-id=\"05f0ea3\" data-element_type=\"widget\" data-e-type=\"widget\" data-widget_type=\"icon.default\">\n\t\t\t\t<div class=\"elementor-widget-container\">\n\t\t\t\t\t\t\t<div class=\"elementor-icon-wrapper\">\n\t\t\t<div class=\"elementor-icon\">\n\t\t\t<svg aria-hidden=\"true\" class=\"e-font-icon-svg e-fas-check\" viewBox=\"0 0 512 512\" xmlns=\"http:\/\/www.w3.org\/2000\/svg\"><path d=\"M173.898 439.404l-166.4-166.4c-9.997-9.997-9.997-26.206 0-36.204l36.203-36.204c9.997-9.998 26.207-9.998 36.204 0L192 312.69 432.095 72.596c9.997-9.997 26.207-9.997 36.204 0l36.203 36.204c9.997 9.997 9.997 26.206 0 36.204l-294.4 294.401c-9.998 9.997-26.207 9.997-36.204-.001z\"><\/path><\/svg>\t\t\t<\/div>\n\t\t<\/div>\n\t\t\t\t\t\t<\/div>\n\t\t\t\t<\/div>\n\t\t<div class=\"elementor-element elementor-element-15bdce1 e-con-full e-flex e-con e-child\" data-id=\"15bdce1\" data-element_type=\"container\" data-e-type=\"container\">\n\t\t\t\t<div class=\"elementor-element elementor-element-cec0122 elementor-widget elementor-widget-heading\" data-id=\"cec0122\" data-element_type=\"widget\" data-e-type=\"widget\" data-widget_type=\"heading.default\">\n\t\t\t\t<div class=\"elementor-widget-container\">\n\t\t\t\t\t<h2 class=\"elementor-heading-title elementor-size-default\">Anys d'experi\u00e8ncia al sector<\/h2>\t\t\t\t<\/div>\n\t\t\t\t<\/div>\n\t\t\t\t<\/div>\n\t\t\t\t<div class=\"elementor-element elementor-element-eb0d9ea elementor-widget elementor-widget-text-editor\" data-id=\"eb0d9ea\" data-element_type=\"widget\" data-e-type=\"widget\" data-widget_type=\"text-editor.default\">\n\t\t\t\t<div class=\"elementor-widget-container\">\n\t\t\t\t\t\t\t\t\t<p>Amb una traject\u00f2ria s\u00f2lida al mercat, entenem les din\u00e0miques del sector i com posicionar la teva propietat per assolir el millor resultat.<\/p>\n\t\t\t\t\t\t\t\t<\/div>\n\t\t\t\t<\/div>\n\t\t\t\t<\/div>\n\t\t<div class=\"elementor-element elementor-element-9a6746a e-con-full e-flex e-con e-child\" data-id=\"9a6746a\" data-element_type=\"container\" data-e-type=\"container\" data-settings=\"{&quot;background_background&quot;:&quot;classic&quot;}\">\n\t\t\t\t<div class=\"elementor-element elementor-element-bb2c390 elementor-view-default elementor-widget elementor-widget-icon\" data-id=\"bb2c390\" data-element_type=\"widget\" data-e-type=\"widget\" data-widget_type=\"icon.default\">\n\t\t\t\t<div class=\"elementor-widget-container\">\n\t\t\t\t\t\t\t<div class=\"elementor-icon-wrapper\">\n\t\t\t<div class=\"elementor-icon\">\n\t\t\t<svg aria-hidden=\"true\" class=\"e-font-icon-svg e-fas-check\" viewBox=\"0 0 512 512\" xmlns=\"http:\/\/www.w3.org\/2000\/svg\"><path d=\"M173.898 439.404l-166.4-166.4c-9.997-9.997-9.997-26.206 0-36.204l36.203-36.204c9.997-9.998 26.207-9.998 36.204 0L192 312.69 432.095 72.596c9.997-9.997 26.207-9.997 36.204 0l36.203 36.204c9.997 9.997 9.997 26.206 0 36.204l-294.4 294.401c-9.998 9.997-26.207 9.997-36.204-.001z\"><\/path><\/svg>\t\t\t<\/div>\n\t\t<\/div>\n\t\t\t\t\t\t<\/div>\n\t\t\t\t<\/div>\n\t\t<div class=\"elementor-element elementor-element-5dd878d e-con-full e-flex e-con e-child\" data-id=\"5dd878d\" data-element_type=\"container\" data-e-type=\"container\">\n\t\t\t\t<div class=\"elementor-element elementor-element-1795ed9 elementor-widget elementor-widget-heading\" data-id=\"1795ed9\" data-element_type=\"widget\" data-e-type=\"widget\" data-widget_type=\"heading.default\">\n\t\t\t\t<div class=\"elementor-widget-container\">\n\t\t\t\t\t<h2 class=\"elementor-heading-title elementor-size-default\">\u00c8xit garantit<\/h2>\t\t\t\t<\/div>\n\t\t\t\t<\/div>\n\t\t\t\t<\/div>\n\t\t\t\t<div class=\"elementor-element elementor-element-d980d7e elementor-widget elementor-widget-text-editor\" data-id=\"d980d7e\" data-element_type=\"widget\" data-e-type=\"widget\" data-widget_type=\"text-editor.default\">\n\t\t\t\t<div class=\"elementor-widget-container\">\n\t\t\t\t\t\t\t\t\t<p>Ens enorgulleix haver ajudat nombrosos clients a vendre les seves propietats de manera reeixida, maximitzant el valor de les seves inversions.<\/p>\n\t\t\t\t\t\t\t\t<\/div>\n\t\t\t\t<\/div>\n\t\t\t\t<\/div>\n\t\t<div class=\"elementor-element elementor-element-8a2d067 e-con-full e-flex e-con e-child\" data-id=\"8a2d067\" data-element_type=\"container\" data-e-type=\"container\" data-settings=\"{&quot;background_background&quot;:&quot;classic&quot;}\">\n\t\t\t\t<div class=\"elementor-element elementor-element-7eeef33 elementor-view-default elementor-widget elementor-widget-icon\" data-id=\"7eeef33\" data-element_type=\"widget\" data-e-type=\"widget\" data-widget_type=\"icon.default\">\n\t\t\t\t<div class=\"elementor-widget-container\">\n\t\t\t\t\t\t\t<div class=\"elementor-icon-wrapper\">\n\t\t\t<div class=\"elementor-icon\">\n\t\t\t<svg aria-hidden=\"true\" class=\"e-font-icon-svg e-fas-check\" viewBox=\"0 0 512 512\" xmlns=\"http:\/\/www.w3.org\/2000\/svg\"><path d=\"M173.898 439.404l-166.4-166.4c-9.997-9.997-9.997-26.206 0-36.204l36.203-36.204c9.997-9.998 26.207-9.998 36.204 0L192 312.69 432.095 72.596c9.997-9.997 26.207-9.997 36.204 0l36.203 36.204c9.997 9.997 9.997 26.206 0 36.204l-294.4 294.401c-9.998 9.997-26.207 9.997-36.204-.001z\"><\/path><\/svg>\t\t\t<\/div>\n\t\t<\/div>\n\t\t\t\t\t\t<\/div>\n\t\t\t\t<\/div>\n\t\t<div class=\"elementor-element elementor-element-2d79cdb e-con-full e-flex e-con e-child\" data-id=\"2d79cdb\" data-element_type=\"container\" data-e-type=\"container\">\n\t\t\t\t<div class=\"elementor-element elementor-element-a481ade elementor-widget elementor-widget-heading\" data-id=\"a481ade\" data-element_type=\"widget\" data-e-type=\"widget\" data-widget_type=\"heading.default\">\n\t\t\t\t<div class=\"elementor-widget-container\">\n\t\t\t\t\t<h2 class=\"elementor-heading-title elementor-size-default\">Comprom\u00eds total<\/h2>\t\t\t\t<\/div>\n\t\t\t\t<\/div>\n\t\t\t\t<\/div>\n\t\t\t\t<div class=\"elementor-element elementor-element-08584b0 elementor-widget elementor-widget-text-editor\" data-id=\"08584b0\" data-element_type=\"widget\" data-e-type=\"widget\" data-widget_type=\"text-editor.default\">\n\t\t\t\t<div class=\"elementor-widget-container\">\n\t\t\t\t\t\t\t\t\t<p>Ens comprometem a gestionar cada etapa de la venda amb la m\u00e0xima dedicaci\u00f3, assegurant que la teva propietat obtingui latenci\u00f3 i el preu que mereix.<\/p>\n\t\t\t\t\t\t\t\t<\/div>\n\t\t\t\t<\/div>\n\t\t\t\t<\/div>\n\t\t<div class=\"elementor-element elementor-element-ea39c82 e-con-full e-flex e-con e-child\" data-id=\"ea39c82\" data-element_type=\"container\" data-e-type=\"container\" data-settings=\"{&quot;background_background&quot;:&quot;classic&quot;}\">\n\t\t\t\t<div class=\"elementor-element elementor-element-68f92d8 elementor-view-default elementor-widget elementor-widget-icon\" data-id=\"68f92d8\" data-element_type=\"widget\" data-e-type=\"widget\" data-widget_type=\"icon.default\">\n\t\t\t\t<div class=\"elementor-widget-container\">\n\t\t\t\t\t\t\t<div class=\"elementor-icon-wrapper\">\n\t\t\t<div class=\"elementor-icon\">\n\t\t\t<svg aria-hidden=\"true\" class=\"e-font-icon-svg e-fas-check\" viewBox=\"0 0 512 512\" xmlns=\"http:\/\/www.w3.org\/2000\/svg\"><path d=\"M173.898 439.404l-166.4-166.4c-9.997-9.997-9.997-26.206 0-36.204l36.203-36.204c9.997-9.998 26.207-9.998 36.204 0L192 312.69 432.095 72.596c9.997-9.997 26.207-9.997 36.204 0l36.203 36.204c9.997 9.997 9.997 26.206 0 36.204l-294.4 294.401c-9.998 9.997-26.207 9.997-36.204-.001z\"><\/path><\/svg>\t\t\t<\/div>\n\t\t<\/div>\n\t\t\t\t\t\t<\/div>\n\t\t\t\t<\/div>\n\t\t<div class=\"elementor-element elementor-element-0c1b7f1 e-con-full e-flex e-con e-child\" data-id=\"0c1b7f1\" data-element_type=\"container\" data-e-type=\"container\">\n\t\t\t\t<div class=\"elementor-element elementor-element-f583bd2 elementor-widget elementor-widget-heading\" data-id=\"f583bd2\" data-element_type=\"widget\" data-e-type=\"widget\" data-widget_type=\"heading.default\">\n\t\t\t\t<div class=\"elementor-widget-container\">\n\t\t\t\t\t<h2 class=\"elementor-heading-title elementor-size-default\"><span>Estrat\u00e8gia de venda personalitzada<\/span><span><\/span><\/h2>\t\t\t\t<\/div>\n\t\t\t\t<\/div>\n\t\t\t\t<\/div>\n\t\t\t\t<div class=\"elementor-element elementor-element-821b3cf elementor-widget elementor-widget-text-editor\" data-id=\"821b3cf\" data-element_type=\"widget\" data-e-type=\"widget\" data-widget_type=\"text-editor.default\">\n\t\t\t\t<div class=\"elementor-widget-container\">\n\t\t\t\t\t\t\t\t\t<p>Desenvolupem un pla de m\u00e0rqueting a mida perqu\u00e8 la teva propietat destaqui al mercat i atregui els compradors ideals.<\/p>\n\t\t\t\t\t\t\t\t<\/div>\n\t\t\t\t<\/div>\n\t\t\t\t<\/div>\n\t\t\t\t\t<\/div>\n\t\t\t\t<\/div>\n\t\t<div class=\"elementor-element elementor-element-57fd152 e-flex e-con-boxed e-con e-parent\" data-id=\"57fd152\" data-element_type=\"container\" data-e-type=\"container\" data-settings=\"{&quot;background_background&quot;:&quot;classic&quot;}\">\n\t\t\t\t\t<div class=\"e-con-inner\">\n\t\t\t\t<div class=\"elementor-element elementor-element-4bb7e82 elementor-widget elementor-widget-image\" data-id=\"4bb7e82\" data-element_type=\"widget\" data-e-type=\"widget\" data-widget_type=\"image.default\">\n\t\t\t\t<div class=\"elementor-widget-container\">\n\t\t\t\t\t\t\t\t\t\t\t\t\t\t\t<img decoding=\"async\" width=\"350\" height=\"350\" src=\"https:\/\/berhouse.com\/wp-content\/uploads\/2024\/05\/favicon-2.png\" class=\"attachment-large size-large wp-image-28\" alt=\"favicon\" srcset=\"https:\/\/berhouse.com\/wp-content\/uploads\/2024\/05\/favicon-2.png 350w, https:\/\/berhouse.com\/wp-content\/uploads\/2024\/05\/favicon-2-300x300.png 300w, https:\/\/berhouse.com\/wp-content\/uploads\/2024\/05\/favicon-2-150x150.png 150w\" sizes=\"(max-width: 350px) 100vw, 350px\" \/>\t\t\t\t\t\t\t\t\t\t\t\t\t\t\t<\/div>\n\t\t\t\t<\/div>\n\t\t\t\t<div class=\"elementor-element elementor-element-23682a7 elementor-widget__width-initial elementor-widget-tablet__width-inherit elementor-widget elementor-widget-heading\" data-id=\"23682a7\" data-element_type=\"widget\" data-e-type=\"widget\" data-widget_type=\"heading.default\">\n\t\t\t\t<div class=\"elementor-widget-container\">\n\t\t\t\t\t<h2 class=\"elementor-heading-title elementor-size-default\">Ven la teva propietat amb la tranquil\u00b7litat i la confian\u00e7a d'estar en mans expertes.<\/h2>\t\t\t\t<\/div>\n\t\t\t\t<\/div>\n\t\t\t\t<div class=\"elementor-element elementor-element-114a2f1 elementor-widget__width-inherit elementor-widget elementor-widget-text-editor\" data-id=\"114a2f1\" data-element_type=\"widget\" data-e-type=\"widget\" data-widget_type=\"text-editor.default\">\n\t\t\t\t<div class=\"elementor-widget-container\">\n\t\t\t\t\t\t\t\t\t<p>Deixa que el nostre equip et gui\u00ef a trav\u00e9s d&#8217;una venda exitosa, mentre tu gaudeixes de la seguretat i la tranquil\u00b7litat d&#8217;un proc\u00e9s ben gestionat.<br \/>Amb Berhouse, l&#8217;\u00e8xit no \u00e9s nom\u00e9s una fita, \u00e9s una garantia.<\/p>\n\t\t\t\t\t\t\t\t<\/div>\n\t\t\t\t<\/div>\n\t\t\t\t<div class=\"elementor-element elementor-element-9a8817e elementor-align-center elementor-widget elementor-widget-button\" data-id=\"9a8817e\" data-element_type=\"widget\" data-e-type=\"widget\" data-widget_type=\"button.default\">\n\t\t\t\t<div class=\"elementor-widget-container\">\n\t\t\t\t\t\t\t\t\t<div class=\"elementor-button-wrapper\">\n\t\t\t\t\t<a class=\"elementor-button elementor-button-link elementor-size-sm\" href=\"https:\/\/berhouse.com\/ca\/contacte\/\">\n\t\t\t\t\t\t<span class=\"elementor-button-content-wrapper\">\n\t\t\t\t\t\t\t\t\t<span class=\"elementor-button-text\">Contacta'ns<\/span>\n\t\t\t\t\t<\/span>\n\t\t\t\t\t<\/a>\n\t\t\t\t<\/div>\n\t\t\t\t\t\t\t\t<\/div>\n\t\t\t\t<\/div>\n\t\t\t\t\t<\/div>\n\t\t\t\t<\/div>\n\t\t\t\t<\/div>\n\t\t","protected":false},"excerpt":{"rendered":"<p>Est\u00e0s a punt per vendre la teva propietat amb \u00e8xit? Som aqu\u00ed per assegurar-ho! A Berhouse fa anys que lidera el mercat immobiliari amb un historial comprovat d&#8217;operacions exitoses. Sabem que vendre la teva propietat \u00e9s una decisi\u00f3 important, i el nostre equip d&#8217;experts est\u00e0 comprom\u00e8s a oferir-te un proc\u00e9s de venda segur, eficient i [&hellip;]<\/p>\n","protected":false},"author":1,"featured_media":0,"parent":0,"menu_order":0,"comment_status":"closed","ping_status":"closed","template":"","meta":{"footnotes":""},"class_list":["post-1975","page","type-page","status-publish","hentry"],"yoast_head":"<!-- This site is optimized with the Yoast SEO plugin v27.4 - https:\/\/yoast.com\/product\/yoast-seo-wordpress\/ -->\n<title>Vendre - Berhouse<\/title>\n<meta name=\"robots\" content=\"index, follow, max-snippet:-1, max-image-preview:large, max-video-preview:-1\" \/>\n<link rel=\"canonical\" href=\"https:\/\/berhouse.com\/ca\/vendre\/\" \/>\n<meta property=\"og:locale\" content=\"ca_ES\" \/>\n<meta property=\"og:type\" content=\"article\" \/>\n<meta property=\"og:title\" content=\"Vendre - Berhouse\" \/>\n<meta property=\"og:description\" content=\"Est\u00e0s a punt per vendre la teva propietat amb \u00e8xit? Som aqu\u00ed per assegurar-ho! A Berhouse fa anys que lidera el mercat immobiliari amb un historial comprovat d&#8217;operacions exitoses. Sabem que vendre la teva propietat \u00e9s una decisi\u00f3 important, i el nostre equip d&#8217;experts est\u00e0 comprom\u00e8s a oferir-te un proc\u00e9s de venda segur, eficient i [&hellip;]\" \/>\n<meta property=\"og:url\" content=\"https:\/\/berhouse.com\/ca\/vendre\/\" \/>\n<meta property=\"og:site_name\" content=\"Berhouse\" \/>\n<meta property=\"article:modified_time\" content=\"2025-01-23T15:10:27+00:00\" \/>\n<meta property=\"og:image\" content=\"https:\/\/berhouse.com\/wp-content\/uploads\/2024\/05\/logo-text-2.png\" \/>\n\t<meta property=\"og:image:width\" content=\"250\" \/>\n\t<meta property=\"og:image:height\" content=\"35\" \/>\n\t<meta property=\"og:image:type\" content=\"image\/png\" \/>\n<meta name=\"twitter:card\" content=\"summary_large_image\" \/>\n<meta name=\"twitter:label1\" content=\"Temps estimat de lectura\" \/>\n\t<meta name=\"twitter:data1\" content=\"1 minut\" \/>\n<script type=\"application\/ld+json\" class=\"yoast-schema-graph\">{\"@context\":\"https:\\\/\\\/schema.org\",\"@graph\":[{\"@type\":\"WebPage\",\"@id\":\"https:\\\/\\\/berhouse.com\\\/ca\\\/vendre\\\/\",\"url\":\"https:\\\/\\\/berhouse.com\\\/ca\\\/vendre\\\/\",\"name\":\"Vendre - Berhouse\",\"isPartOf\":{\"@id\":\"https:\\\/\\\/berhouse.com\\\/ca\\\/#website\"},\"primaryImageOfPage\":{\"@id\":\"https:\\\/\\\/berhouse.com\\\/ca\\\/vendre\\\/#primaryimage\"},\"image\":{\"@id\":\"https:\\\/\\\/berhouse.com\\\/ca\\\/vendre\\\/#primaryimage\"},\"thumbnailUrl\":\"https:\\\/\\\/berhouse.com\\\/wp-content\\\/uploads\\\/2024\\\/05\\\/logo-text-2.png\",\"datePublished\":\"2024-05-14T08:36:24+00:00\",\"dateModified\":\"2025-01-23T15:10:27+00:00\",\"breadcrumb\":{\"@id\":\"https:\\\/\\\/berhouse.com\\\/ca\\\/vendre\\\/#breadcrumb\"},\"inLanguage\":\"ca\",\"potentialAction\":[{\"@type\":\"ReadAction\",\"target\":[\"https:\\\/\\\/berhouse.com\\\/ca\\\/vendre\\\/\"]}]},{\"@type\":\"ImageObject\",\"inLanguage\":\"ca\",\"@id\":\"https:\\\/\\\/berhouse.com\\\/ca\\\/vendre\\\/#primaryimage\",\"url\":\"https:\\\/\\\/berhouse.com\\\/wp-content\\\/uploads\\\/2024\\\/05\\\/logo-text-2.png\",\"contentUrl\":\"https:\\\/\\\/berhouse.com\\\/wp-content\\\/uploads\\\/2024\\\/05\\\/logo-text-2.png\"},{\"@type\":\"BreadcrumbList\",\"@id\":\"https:\\\/\\\/berhouse.com\\\/ca\\\/vendre\\\/#breadcrumb\",\"itemListElement\":[{\"@type\":\"ListItem\",\"position\":1,\"name\":\"Portada\",\"item\":\"https:\\\/\\\/berhouse.com\\\/ca\\\/\"},{\"@type\":\"ListItem\",\"position\":2,\"name\":\"Vendre\"}]},{\"@type\":\"WebSite\",\"@id\":\"https:\\\/\\\/berhouse.com\\\/ca\\\/#website\",\"url\":\"https:\\\/\\\/berhouse.com\\\/ca\\\/\",\"name\":\"Berhouse\",\"description\":\"Servicios Inmobiliarios\",\"publisher\":{\"@id\":\"https:\\\/\\\/berhouse.com\\\/ca\\\/#organization\"},\"alternateName\":\"Tu agencia inmobiliaria en el Maresme\",\"potentialAction\":[{\"@type\":\"SearchAction\",\"target\":{\"@type\":\"EntryPoint\",\"urlTemplate\":\"https:\\\/\\\/berhouse.com\\\/ca\\\/?s={search_term_string}\"},\"query-input\":{\"@type\":\"PropertyValueSpecification\",\"valueRequired\":true,\"valueName\":\"search_term_string\"}}],\"inLanguage\":\"ca\"},{\"@type\":\"Organization\",\"@id\":\"https:\\\/\\\/berhouse.com\\\/ca\\\/#organization\",\"name\":\"Berhouse\",\"url\":\"https:\\\/\\\/berhouse.com\\\/ca\\\/\",\"logo\":{\"@type\":\"ImageObject\",\"inLanguage\":\"ca\",\"@id\":\"https:\\\/\\\/berhouse.com\\\/ca\\\/#\\\/schema\\\/logo\\\/image\\\/\",\"url\":\"https:\\\/\\\/berhouse.com\\\/wp-content\\\/uploads\\\/2024\\\/05\\\/logo-berhouse-1.webp\",\"contentUrl\":\"https:\\\/\\\/berhouse.com\\\/wp-content\\\/uploads\\\/2024\\\/05\\\/logo-berhouse-1.webp\",\"width\":250,\"height\":35,\"caption\":\"Berhouse\"},\"image\":{\"@id\":\"https:\\\/\\\/berhouse.com\\\/ca\\\/#\\\/schema\\\/logo\\\/image\\\/\"}}]}<\/script>\n<!-- \/ Yoast SEO plugin. -->","yoast_head_json":{"title":"Vendre - Berhouse","robots":{"index":"index","follow":"follow","max-snippet":"max-snippet:-1","max-image-preview":"max-image-preview:large","max-video-preview":"max-video-preview:-1"},"canonical":"https:\/\/berhouse.com\/ca\/vendre\/","og_locale":"ca_ES","og_type":"article","og_title":"Vendre - Berhouse","og_description":"Est\u00e0s a punt per vendre la teva propietat amb \u00e8xit? Som aqu\u00ed per assegurar-ho! A Berhouse fa anys que lidera el mercat immobiliari amb un historial comprovat d&#8217;operacions exitoses. Sabem que vendre la teva propietat \u00e9s una decisi\u00f3 important, i el nostre equip d&#8217;experts est\u00e0 comprom\u00e8s a oferir-te un proc\u00e9s de venda segur, eficient i [&hellip;]","og_url":"https:\/\/berhouse.com\/ca\/vendre\/","og_site_name":"Berhouse","article_modified_time":"2025-01-23T15:10:27+00:00","og_image":[{"width":250,"height":35,"url":"https:\/\/berhouse.com\/wp-content\/uploads\/2024\/05\/logo-text-2.png","type":"image\/png"}],"twitter_card":"summary_large_image","twitter_misc":{"Temps estimat de lectura":"1 minut"},"schema":{"@context":"https:\/\/schema.org","@graph":[{"@type":"WebPage","@id":"https:\/\/berhouse.com\/ca\/vendre\/","url":"https:\/\/berhouse.com\/ca\/vendre\/","name":"Vendre - Berhouse","isPartOf":{"@id":"https:\/\/berhouse.com\/ca\/#website"},"primaryImageOfPage":{"@id":"https:\/\/berhouse.com\/ca\/vendre\/#primaryimage"},"image":{"@id":"https:\/\/berhouse.com\/ca\/vendre\/#primaryimage"},"thumbnailUrl":"https:\/\/berhouse.com\/wp-content\/uploads\/2024\/05\/logo-text-2.png","datePublished":"2024-05-14T08:36:24+00:00","dateModified":"2025-01-23T15:10:27+00:00","breadcrumb":{"@id":"https:\/\/berhouse.com\/ca\/vendre\/#breadcrumb"},"inLanguage":"ca","potentialAction":[{"@type":"ReadAction","target":["https:\/\/berhouse.com\/ca\/vendre\/"]}]},{"@type":"ImageObject","inLanguage":"ca","@id":"https:\/\/berhouse.com\/ca\/vendre\/#primaryimage","url":"https:\/\/berhouse.com\/wp-content\/uploads\/2024\/05\/logo-text-2.png","contentUrl":"https:\/\/berhouse.com\/wp-content\/uploads\/2024\/05\/logo-text-2.png"},{"@type":"BreadcrumbList","@id":"https:\/\/berhouse.com\/ca\/vendre\/#breadcrumb","itemListElement":[{"@type":"ListItem","position":1,"name":"Portada","item":"https:\/\/berhouse.com\/ca\/"},{"@type":"ListItem","position":2,"name":"Vendre"}]},{"@type":"WebSite","@id":"https:\/\/berhouse.com\/ca\/#website","url":"https:\/\/berhouse.com\/ca\/","name":"Berhouse","description":"Servicios Inmobiliarios","publisher":{"@id":"https:\/\/berhouse.com\/ca\/#organization"},"alternateName":"Tu agencia inmobiliaria en el Maresme","potentialAction":[{"@type":"SearchAction","target":{"@type":"EntryPoint","urlTemplate":"https:\/\/berhouse.com\/ca\/?s={search_term_string}"},"query-input":{"@type":"PropertyValueSpecification","valueRequired":true,"valueName":"search_term_string"}}],"inLanguage":"ca"},{"@type":"Organization","@id":"https:\/\/berhouse.com\/ca\/#organization","name":"Berhouse","url":"https:\/\/berhouse.com\/ca\/","logo":{"@type":"ImageObject","inLanguage":"ca","@id":"https:\/\/berhouse.com\/ca\/#\/schema\/logo\/image\/","url":"https:\/\/berhouse.com\/wp-content\/uploads\/2024\/05\/logo-berhouse-1.webp","contentUrl":"https:\/\/berhouse.com\/wp-content\/uploads\/2024\/05\/logo-berhouse-1.webp","width":250,"height":35,"caption":"Berhouse"},"image":{"@id":"https:\/\/berhouse.com\/ca\/#\/schema\/logo\/image\/"}}]}},"_links":{"self":[{"href":"https:\/\/berhouse.com\/ca\/wp-json\/wp\/v2\/pages\/1975","targetHints":{"allow":["GET"]}}],"collection":[{"href":"https:\/\/berhouse.com\/ca\/wp-json\/wp\/v2\/pages"}],"about":[{"href":"https:\/\/berhouse.com\/ca\/wp-json\/wp\/v2\/types\/page"}],"author":[{"embeddable":true,"href":"https:\/\/berhouse.com\/ca\/wp-json\/wp\/v2\/users\/1"}],"replies":[{"embeddable":true,"href":"https:\/\/berhouse.com\/ca\/wp-json\/wp\/v2\/comments?post=1975"}],"version-history":[{"count":0,"href":"https:\/\/berhouse.com\/ca\/wp-json\/wp\/v2\/pages\/1975\/revisions"}],"wp:attachment":[{"href":"https:\/\/berhouse.com\/ca\/wp-json\/wp\/v2\/media?parent=1975"}],"curies":[{"name":"wp","href":"https:\/\/api.w.org\/{rel}","templated":true}]}}