{"id":1716,"date":"2024-11-02T17:12:05","date_gmt":"2024-11-02T17:12:05","guid":{"rendered":"https:\/\/berhouse.activaweb.net\/descargo-de-responsabilidad\/"},"modified":"2024-11-03T06:16:09","modified_gmt":"2024-11-03T06:16:09","slug":"descargo-de-responsabilidad","status":"publish","type":"page","link":"https:\/\/berhouse.com\/ca\/descargo-de-responsabilidad\/","title":{"rendered":"Desc\u00e0rrec de responsabilitat"},"content":{"rendered":"\t\t<div data-elementor-type=\"wp-page\" data-elementor-id=\"1716\" class=\"elementor elementor-1716 elementor-1705\" data-elementor-post-type=\"page\">\n\t\t\t\t<div class=\"elementor-element elementor-element-27de745 e-flex e-con-boxed e-con e-parent\" data-id=\"27de745\" data-element_type=\"container\" data-e-type=\"container\" data-settings=\"{&quot;background_background&quot;:&quot;classic&quot;}\">\n\t\t\t\t\t<div class=\"e-con-inner\">\n\t\t\t\t<div class=\"elementor-element elementor-element-d5fae2a elementor-widget elementor-widget-image\" data-id=\"d5fae2a\" data-element_type=\"widget\" data-e-type=\"widget\" data-widget_type=\"image.default\">\n\t\t\t\t<div class=\"elementor-widget-container\">\n\t\t\t\t\t\t\t\t\t\t\t\t\t\t\t<img decoding=\"async\" width=\"350\" height=\"350\" src=\"https:\/\/berhouse.com\/wp-content\/uploads\/2024\/05\/favicon-2.png\" class=\"attachment-large size-large wp-image-28\" alt=\"favicon\" srcset=\"https:\/\/berhouse.com\/wp-content\/uploads\/2024\/05\/favicon-2.png 350w, https:\/\/berhouse.com\/wp-content\/uploads\/2024\/05\/favicon-2-300x300.png 300w, https:\/\/berhouse.com\/wp-content\/uploads\/2024\/05\/favicon-2-150x150.png 150w\" sizes=\"(max-width: 350px) 100vw, 350px\" \/>\t\t\t\t\t\t\t\t\t\t\t\t\t\t\t<\/div>\n\t\t\t\t<\/div>\n\t\t\t\t<div class=\"elementor-element elementor-element-0d4787f elementor-widget__width-initial elementor-widget-tablet__width-inherit elementor-widget elementor-widget-heading\" data-id=\"0d4787f\" data-element_type=\"widget\" data-e-type=\"widget\" data-widget_type=\"heading.default\">\n\t\t\t\t<div class=\"elementor-widget-container\">\n\t\t\t\t\t<h2 class=\"elementor-heading-title elementor-size-default\">Desc\u00e0rrec de responsabilitat<\/h2>\t\t\t\t<\/div>\n\t\t\t\t<\/div>\n\t\t\t\t\t<\/div>\n\t\t\t\t<\/div>\n\t\t<div class=\"elementor-element elementor-element-416d7723 e-flex e-con-boxed e-con e-parent\" data-id=\"416d7723\" data-element_type=\"container\" data-e-type=\"container\">\n\t\t\t\t\t<div class=\"e-con-inner\">\n\t\t\t\t<div class=\"elementor-element elementor-element-1c5fbc29 elementor-widget__width-inherit elementor-widget elementor-widget-shortcode\" data-id=\"1c5fbc29\" data-element_type=\"widget\" data-e-type=\"widget\" data-widget_type=\"shortcode.default\">\n\t\t\t\t<div class=\"elementor-widget-container\">\n\t\t\t\t\t\t\t<div class=\"elementor-shortcode\">\n<!-- Legal document generated by Complianz | GDPR\/CCPA Cookie Consent https:\/\/wordpress.org\/plugins\/complianz-gdpr -->\n<div id=\"cmplz-document\" class=\"cmplz-document disclaimer cmplz-document-all\"><p>Berhouse SL es compromet a mantenir aquest lloc web actualitzat i prec\u00eds. Tanmateix, si trobeu alguna cosa incorrecta o obsoleta, us agrairem que ens ho feu saber. Si us plau, indiqueu on del lloc web heu llegit la informaci\u00f3. Aleshores ho mirarem tan aviat com sigui possible. Envieu la vostra resposta per correu electr\u00f2nic a: .    <\/p><p>No ens fem responsables de les p\u00e8rdues com a conseq\u00fc\u00e8ncia d'incorreccions o incompletituds, ni de les p\u00e8rdues derivades de problemes causats o inherents a la difusi\u00f3 d'informaci\u00f3 a trav\u00e9s d'Internet, com ara interrupcions o interrupcions. Quan utilitzem formularis web, ens esforcem per limitar el nombre de camps obligatoris al m\u00ednim. Per a qualsevol p\u00e8rdua patida com a conseq\u00fc\u00e8ncia de l'\u00fas de dades, consells o idees proporcionades per o en nom de Berhouse SL a trav\u00e9s d'aquest lloc web, Berhouse SL no assumeix cap responsabilitat.  <\/p><p>Les respostes i consultes de privadesa enviades per correu electr\u00f2nic o mitjan\u00e7ant un formulari web es tractaran de la mateixa manera que les cartes. Aix\u00f2 vol dir que podeu esperar una resposta de la nostra part en un termini d'1 mes com a m\u00e0xim. En cas de sol\u00b7licituds complexes, us avisarem en el termini d'1 mes si necessitem un m\u00e0xim de 3 mesos.  <\/p><p>Berhouse SL far\u00e0 tots els esfor\u00e7os raonables per protegir els seus sistemes contra qualsevol forma d'\u00fas il\u00b7legal. Berhouse SL implementar\u00e0 les mesures t\u00e8cniques i organitzatives adequades a aquest efecte, tenint en compte, entre altres coses, l'estat de la t\u00e8cnica. No obstant aix\u00f2, no ser\u00e0 responsable de cap tipus de p\u00e8rdua, directa i\/o indirecta, que sofreixi un usuari del lloc web, que es derivi de l'\u00fas il\u00b7l\u00edcit dels seus sistemes per part d'un tercer.  <\/p><p>Berhouse SL no assumeix cap responsabilitat pel contingut dels llocs web als quals o des dels quals es fa un hiperenlla\u00e7 o una altra refer\u00e8ncia. Els productes o serveis oferts per tercers estaran subjectes als termes i condicions aplicables d'aquests tercers. <\/p><p>Tots els drets de propietat intel\u00b7lectual del contingut d'aquest lloc web corresponen a Berhouse SL.<\/p><p>No es permet la c\u00f2pia, la difusi\u00f3 i qualsevol altre \u00fas d'aquests materials sense el perm\u00eds per escrit de Berhouse SL, excepte i nom\u00e9s en la mesura en qu\u00e8 s'estipula el contrari en les normes de llei imperativa (com ara el dret a citar), tret que un contingut espec\u00edfic indiqui el contrari.<\/p><p>Si teniu cap pregunta o problema amb l'accessibilitat del lloc web, no dubteu a posar-vos en contacte amb nosaltres.<\/p><\/div><\/div>\n\t\t\t\t\t\t<\/div>\n\t\t\t\t<\/div>\n\t\t\t\t\t<\/div>\n\t\t\t\t<\/div>\n\t\t\t\t<\/div>\n\t\t","protected":false},"excerpt":{"rendered":"<p>Desc\u00e0rrec de responsabilitat<\/p>\n","protected":false},"author":1,"featured_media":0,"parent":0,"menu_order":0,"comment_status":"closed","ping_status":"closed","template":"","meta":{"footnotes":""},"class_list":["post-1716","page","type-page","status-publish","hentry"],"yoast_head":"<!-- This site is optimized with the Yoast SEO plugin v27.4 - https:\/\/yoast.com\/product\/yoast-seo-wordpress\/ -->\n<title>Desc\u00e0rrec de responsabilitat - Berhouse<\/title>\n<meta name=\"robots\" content=\"index, follow, max-snippet:-1, max-image-preview:large, max-video-preview:-1\" \/>\n<link rel=\"canonical\" href=\"https:\/\/berhouse.com\/ca\/descargo-de-responsabilidad\/\" \/>\n<meta property=\"og:locale\" content=\"ca_ES\" \/>\n<meta property=\"og:type\" content=\"article\" \/>\n<meta property=\"og:title\" content=\"Desc\u00e0rrec de responsabilitat - Berhouse\" \/>\n<meta property=\"og:description\" content=\"Desc\u00e0rrec de responsabilitat\" \/>\n<meta property=\"og:url\" content=\"https:\/\/berhouse.com\/ca\/descargo-de-responsabilidad\/\" \/>\n<meta property=\"og:site_name\" content=\"Berhouse\" \/>\n<meta property=\"article:modified_time\" content=\"2024-11-03T06:16:09+00:00\" \/>\n<meta property=\"og:image\" content=\"https:\/\/berhouse.com\/wp-content\/uploads\/2024\/05\/favicon-2.png\" \/>\n\t<meta property=\"og:image:width\" content=\"350\" \/>\n\t<meta property=\"og:image:height\" content=\"350\" \/>\n\t<meta property=\"og:image:type\" content=\"image\/png\" \/>\n<meta name=\"twitter:card\" content=\"summary_large_image\" \/>\n<script type=\"application\/ld+json\" class=\"yoast-schema-graph\">{\"@context\":\"https:\\\/\\\/schema.org\",\"@graph\":[{\"@type\":\"WebPage\",\"@id\":\"https:\\\/\\\/berhouse.com\\\/ca\\\/descargo-de-responsabilidad\\\/\",\"url\":\"https:\\\/\\\/berhouse.com\\\/ca\\\/descargo-de-responsabilidad\\\/\",\"name\":\"Desc\u00e0rrec de responsabilitat - Berhouse\",\"isPartOf\":{\"@id\":\"https:\\\/\\\/berhouse.com\\\/ca\\\/#website\"},\"primaryImageOfPage\":{\"@id\":\"https:\\\/\\\/berhouse.com\\\/ca\\\/descargo-de-responsabilidad\\\/#primaryimage\"},\"image\":{\"@id\":\"https:\\\/\\\/berhouse.com\\\/ca\\\/descargo-de-responsabilidad\\\/#primaryimage\"},\"thumbnailUrl\":\"https:\\\/\\\/berhouse.com\\\/wp-content\\\/uploads\\\/2024\\\/05\\\/favicon-2.png\",\"datePublished\":\"2024-11-02T17:12:05+00:00\",\"dateModified\":\"2024-11-03T06:16:09+00:00\",\"breadcrumb\":{\"@id\":\"https:\\\/\\\/berhouse.com\\\/ca\\\/descargo-de-responsabilidad\\\/#breadcrumb\"},\"inLanguage\":\"ca\",\"potentialAction\":[{\"@type\":\"ReadAction\",\"target\":[\"https:\\\/\\\/berhouse.com\\\/ca\\\/descargo-de-responsabilidad\\\/\"]}]},{\"@type\":\"ImageObject\",\"inLanguage\":\"ca\",\"@id\":\"https:\\\/\\\/berhouse.com\\\/ca\\\/descargo-de-responsabilidad\\\/#primaryimage\",\"url\":\"https:\\\/\\\/berhouse.com\\\/wp-content\\\/uploads\\\/2024\\\/05\\\/favicon-2.png\",\"contentUrl\":\"https:\\\/\\\/berhouse.com\\\/wp-content\\\/uploads\\\/2024\\\/05\\\/favicon-2.png\"},{\"@type\":\"BreadcrumbList\",\"@id\":\"https:\\\/\\\/berhouse.com\\\/ca\\\/descargo-de-responsabilidad\\\/#breadcrumb\",\"itemListElement\":[{\"@type\":\"ListItem\",\"position\":1,\"name\":\"Portada\",\"item\":\"https:\\\/\\\/berhouse.com\\\/ca\\\/\"},{\"@type\":\"ListItem\",\"position\":2,\"name\":\"Desc\u00e0rrec de responsabilitat\"}]},{\"@type\":\"WebSite\",\"@id\":\"https:\\\/\\\/berhouse.com\\\/ca\\\/#website\",\"url\":\"https:\\\/\\\/berhouse.com\\\/ca\\\/\",\"name\":\"Berhouse\",\"description\":\"Servicios Inmobiliarios\",\"publisher\":{\"@id\":\"https:\\\/\\\/berhouse.com\\\/ca\\\/#organization\"},\"alternateName\":\"Tu agencia inmobiliaria en el Maresme\",\"potentialAction\":[{\"@type\":\"SearchAction\",\"target\":{\"@type\":\"EntryPoint\",\"urlTemplate\":\"https:\\\/\\\/berhouse.com\\\/ca\\\/?s={search_term_string}\"},\"query-input\":{\"@type\":\"PropertyValueSpecification\",\"valueRequired\":true,\"valueName\":\"search_term_string\"}}],\"inLanguage\":\"ca\"},{\"@type\":\"Organization\",\"@id\":\"https:\\\/\\\/berhouse.com\\\/ca\\\/#organization\",\"name\":\"Berhouse\",\"url\":\"https:\\\/\\\/berhouse.com\\\/ca\\\/\",\"logo\":{\"@type\":\"ImageObject\",\"inLanguage\":\"ca\",\"@id\":\"https:\\\/\\\/berhouse.com\\\/ca\\\/#\\\/schema\\\/logo\\\/image\\\/\",\"url\":\"https:\\\/\\\/berhouse.com\\\/wp-content\\\/uploads\\\/2024\\\/05\\\/logo-berhouse-1.webp\",\"contentUrl\":\"https:\\\/\\\/berhouse.com\\\/wp-content\\\/uploads\\\/2024\\\/05\\\/logo-berhouse-1.webp\",\"width\":250,\"height\":35,\"caption\":\"Berhouse\"},\"image\":{\"@id\":\"https:\\\/\\\/berhouse.com\\\/ca\\\/#\\\/schema\\\/logo\\\/image\\\/\"}}]}<\/script>\n<!-- \/ Yoast SEO plugin. -->","yoast_head_json":{"title":"Desc\u00e0rrec de responsabilitat - Berhouse","robots":{"index":"index","follow":"follow","max-snippet":"max-snippet:-1","max-image-preview":"max-image-preview:large","max-video-preview":"max-video-preview:-1"},"canonical":"https:\/\/berhouse.com\/ca\/descargo-de-responsabilidad\/","og_locale":"ca_ES","og_type":"article","og_title":"Desc\u00e0rrec de responsabilitat - Berhouse","og_description":"Desc\u00e0rrec de responsabilitat","og_url":"https:\/\/berhouse.com\/ca\/descargo-de-responsabilidad\/","og_site_name":"Berhouse","article_modified_time":"2024-11-03T06:16:09+00:00","og_image":[{"width":350,"height":350,"url":"https:\/\/berhouse.com\/wp-content\/uploads\/2024\/05\/favicon-2.png","type":"image\/png"}],"twitter_card":"summary_large_image","schema":{"@context":"https:\/\/schema.org","@graph":[{"@type":"WebPage","@id":"https:\/\/berhouse.com\/ca\/descargo-de-responsabilidad\/","url":"https:\/\/berhouse.com\/ca\/descargo-de-responsabilidad\/","name":"Desc\u00e0rrec de responsabilitat - Berhouse","isPartOf":{"@id":"https:\/\/berhouse.com\/ca\/#website"},"primaryImageOfPage":{"@id":"https:\/\/berhouse.com\/ca\/descargo-de-responsabilidad\/#primaryimage"},"image":{"@id":"https:\/\/berhouse.com\/ca\/descargo-de-responsabilidad\/#primaryimage"},"thumbnailUrl":"https:\/\/berhouse.com\/wp-content\/uploads\/2024\/05\/favicon-2.png","datePublished":"2024-11-02T17:12:05+00:00","dateModified":"2024-11-03T06:16:09+00:00","breadcrumb":{"@id":"https:\/\/berhouse.com\/ca\/descargo-de-responsabilidad\/#breadcrumb"},"inLanguage":"ca","potentialAction":[{"@type":"ReadAction","target":["https:\/\/berhouse.com\/ca\/descargo-de-responsabilidad\/"]}]},{"@type":"ImageObject","inLanguage":"ca","@id":"https:\/\/berhouse.com\/ca\/descargo-de-responsabilidad\/#primaryimage","url":"https:\/\/berhouse.com\/wp-content\/uploads\/2024\/05\/favicon-2.png","contentUrl":"https:\/\/berhouse.com\/wp-content\/uploads\/2024\/05\/favicon-2.png"},{"@type":"BreadcrumbList","@id":"https:\/\/berhouse.com\/ca\/descargo-de-responsabilidad\/#breadcrumb","itemListElement":[{"@type":"ListItem","position":1,"name":"Portada","item":"https:\/\/berhouse.com\/ca\/"},{"@type":"ListItem","position":2,"name":"Desc\u00e0rrec de responsabilitat"}]},{"@type":"WebSite","@id":"https:\/\/berhouse.com\/ca\/#website","url":"https:\/\/berhouse.com\/ca\/","name":"Berhouse","description":"Servicios Inmobiliarios","publisher":{"@id":"https:\/\/berhouse.com\/ca\/#organization"},"alternateName":"Tu agencia inmobiliaria en el Maresme","potentialAction":[{"@type":"SearchAction","target":{"@type":"EntryPoint","urlTemplate":"https:\/\/berhouse.com\/ca\/?s={search_term_string}"},"query-input":{"@type":"PropertyValueSpecification","valueRequired":true,"valueName":"search_term_string"}}],"inLanguage":"ca"},{"@type":"Organization","@id":"https:\/\/berhouse.com\/ca\/#organization","name":"Berhouse","url":"https:\/\/berhouse.com\/ca\/","logo":{"@type":"ImageObject","inLanguage":"ca","@id":"https:\/\/berhouse.com\/ca\/#\/schema\/logo\/image\/","url":"https:\/\/berhouse.com\/wp-content\/uploads\/2024\/05\/logo-berhouse-1.webp","contentUrl":"https:\/\/berhouse.com\/wp-content\/uploads\/2024\/05\/logo-berhouse-1.webp","width":250,"height":35,"caption":"Berhouse"},"image":{"@id":"https:\/\/berhouse.com\/ca\/#\/schema\/logo\/image\/"}}]}},"_links":{"self":[{"href":"https:\/\/berhouse.com\/ca\/wp-json\/wp\/v2\/pages\/1716","targetHints":{"allow":["GET"]}}],"collection":[{"href":"https:\/\/berhouse.com\/ca\/wp-json\/wp\/v2\/pages"}],"about":[{"href":"https:\/\/berhouse.com\/ca\/wp-json\/wp\/v2\/types\/page"}],"author":[{"embeddable":true,"href":"https:\/\/berhouse.com\/ca\/wp-json\/wp\/v2\/users\/1"}],"replies":[{"embeddable":true,"href":"https:\/\/berhouse.com\/ca\/wp-json\/wp\/v2\/comments?post=1716"}],"version-history":[{"count":0,"href":"https:\/\/berhouse.com\/ca\/wp-json\/wp\/v2\/pages\/1716\/revisions"}],"wp:attachment":[{"href":"https:\/\/berhouse.com\/ca\/wp-json\/wp\/v2\/media?parent=1716"}],"curies":[{"name":"wp","href":"https:\/\/api.w.org\/{rel}","templated":true}]}}