{"id":1616,"date":"2024-05-14T08:33:29","date_gmt":"2024-05-14T08:33:29","guid":{"rendered":"https:\/\/berhouse.activaweb.net\/qui-som\/"},"modified":"2025-03-11T15:59:52","modified_gmt":"2025-03-11T15:59:52","slug":"qui-som","status":"publish","type":"page","link":"https:\/\/berhouse.com\/ca\/qui-som\/","title":{"rendered":"Qui som"},"content":{"rendered":"\t\t<div data-elementor-type=\"wp-page\" data-elementor-id=\"1616\" class=\"elementor elementor-1616 elementor-48\" data-elementor-post-type=\"page\">\n\t\t\t\t<div class=\"elementor-element elementor-element-28646ea e-flex e-con-boxed e-con e-parent\" data-id=\"28646ea\" data-element_type=\"container\" data-settings=\"{&quot;background_background&quot;:&quot;slideshow&quot;,&quot;background_slideshow_gallery&quot;:[{&quot;id&quot;:34,&quot;url&quot;:&quot;https:\\\/\\\/berhouse.com\\\/wp-content\\\/uploads\\\/2024\\\/05\\\/slide2.jpg&quot;}],&quot;background_slideshow_slide_duration&quot;:7000,&quot;background_slideshow_transition_duration&quot;:1000,&quot;background_slideshow_loop&quot;:&quot;yes&quot;,&quot;background_slideshow_slide_transition&quot;:&quot;fade&quot;}\">\n\t\t\t\t\t<div class=\"e-con-inner\">\n\t\t\t\t\t<\/div>\n\t\t\t\t<\/div>\n\t\t<div class=\"elementor-element elementor-element-dbed1ba e-flex e-con-boxed e-con e-parent\" data-id=\"dbed1ba\" data-element_type=\"container\">\n\t\t\t\t\t<div class=\"e-con-inner\">\n\t\t<div class=\"elementor-element elementor-element-7250831 e-con-full e-flex e-con e-child\" data-id=\"7250831\" data-element_type=\"container\" data-settings=\"{&quot;background_background&quot;:&quot;classic&quot;}\">\n\t\t\t\t<div class=\"elementor-element elementor-element-f74ece7 elementor-widget elementor-widget-template\" data-id=\"f74ece7\" data-element_type=\"widget\" data-widget_type=\"template.default\">\n\t\t\t\t<div class=\"elementor-widget-container\">\n\t\t\t\t\t\t\t<div class=\"elementor-template\">\n\t\t\t\t\t<div data-elementor-type=\"container\" data-elementor-id=\"1698\" class=\"elementor elementor-1698 elementor-963\" data-elementor-post-type=\"elementor_library\">\n\t\t\t\t<div class=\"elementor-element elementor-element-860e054 e-con-full elementor-hidden-desktop elementor-hidden-tablet e-flex e-con e-child\" data-id=\"860e054\" data-element_type=\"container\" data-settings=\"{&quot;background_background&quot;:&quot;classic&quot;}\">\n\t\t\t\t<div class=\"elementor-element elementor-element-f1ef126 elementor-mobile-align-center elementor-widget-mobile__width-inherit elementor-widget elementor-widget-button\" data-id=\"f1ef126\" data-element_type=\"widget\" data-widget_type=\"button.default\">\n\t\t\t\t<div class=\"elementor-widget-container\">\n\t\t\t\t\t\t\t\t\t<div class=\"elementor-button-wrapper\">\n\t\t\t\t\t<a class=\"elementor-button elementor-button-link elementor-size-sm\" href=\"#elementor-action%3Aaction%3Dpopup%3Aopen%26settings%3DeyJpZCI6NDE2NiwidG9nZ2xlIjpmYWxzZX0%3D\">\n\t\t\t\t\t\t<span class=\"elementor-button-content-wrapper\">\n\t\t\t\t\t\t<span class=\"elementor-button-icon\">\n\t\t\t\t<svg aria-hidden=\"true\" class=\"e-font-icon-svg e-fas-search\" viewBox=\"0 0 512 512\" xmlns=\"http:\/\/www.w3.org\/2000\/svg\"><path d=\"M505 442.7L405.3 343c-4.5-4.5-10.6-7-17-7H372c27.6-35.3 44-79.7 44-128C416 93.1 322.9 0 208 0S0 93.1 0 208s93.1 208 208 208c48.3 0 92.7-16.4 128-44v16.3c0 6.4 2.5 12.5 7 17l99.7 99.7c9.4 9.4 24.6 9.4 33.9 0l28.3-28.3c9.4-9.4 9.4-24.6.1-34zM208 336c-70.7 0-128-57.2-128-128 0-70.7 57.2-128 128-128 70.7 0 128 57.2 128 128 0 70.7-57.2 128-128 128z\"><\/path><\/svg>\t\t\t<\/span>\n\t\t\t\t\t\t\t\t\t<span class=\"elementor-button-text\">Cercador d'immobles<\/span>\n\t\t\t\t\t<\/span>\n\t\t\t\t\t<\/a>\n\t\t\t\t<\/div>\n\t\t\t\t\t\t\t\t<\/div>\n\t\t\t\t<\/div>\n\t\t\t\t<\/div>\n\t\t<div class=\"elementor-element elementor-element-52c15b1 e-con-full elementor-hidden-mobile e-flex e-con e-child\" data-id=\"52c15b1\" data-element_type=\"container\" data-settings=\"{&quot;background_background&quot;:&quot;classic&quot;}\">\n\t\t\t\t<div class=\"elementor-element elementor-element-ae9ff41 elementor-widget elementor-widget-shortcode\" data-id=\"ae9ff41\" data-element_type=\"widget\" data-widget_type=\"shortcode.default\">\n\t\t\t\t<div class=\"elementor-widget-container\">\n\t\t\t\t\t\t\t<div class=\"elementor-shortcode\">\n        <form class=\"elementor-form\" method=\"get\" action=\"https:\/\/berhouse.com\/ca\/\" name=\"Nuevo formulario\">\n\t\t\t<input type=hidden name=s>\n            <div class=\"elementor-form-fields-wrapper elementor-labels-above\">\n                <div class=\"elementor-field-type-select elementor-field-group elementor-column elementor-field-group-message elementor-col-30\">\n                    <select name=\"accion\" class=\"form-select selector\" style=\"border-radius:0px;margin-right:10px;\" aria-label=\"Default select example\">\n                        <option value=\"compra\" selected>Compra<\/option>\n                        <option value=\"alquiler\">Alquiler<\/option>\n                    <\/select>\n                <\/div>\n                <div class=\"elementor-field-type-select elementor-field-group elementor-column elementor-field-group-field_132f21d elementor-col-30\">\n                    <select name=\"tipo\" class=\"form-select selector\" style=\"border-radius:0px;margin-right:10px;\" aria-label=\"Default select example\">\n                        <option selected value=\"\">Selecciona un tipo de propiedad<\/option><option value=\"atic\">\u00c0tic<\/option><option value=\"atico-duplex-ca\">\u00c0tico D\u00faplex<\/option><option value=\"casa-ca\">Casa<\/option><option value=\"garatge\">Garatge<\/option><option value=\"pis\">Pis<\/option><option value=\"propietats-de-luxe\">Propietats de luxe<\/option><option value=\"solar-ca\">Solar<\/option><option value=\"xalet\">Xalet<\/option>\n                    <\/select>\n                <\/div>\n                <div class=\"elementor-field-type-select elementor-field-group elementor-column elementor-field-group-field_2a53a6d elementor-col-30\">\n                    <select name=\"localidad\" class=\"form-select selector\" style=\"border-radius:0px;margin-right:10px;\" aria-label=\"Default select example\">\n                        <option selected value=\"\">Selecciona una localidad<\/option><option value=\"alella-ca\">Alella<\/option><option value=\"badalona-ca\">Badalona<\/option><option value=\"bordils-ca\">Bordils<\/option><option value=\"cabrils-ca\">Cabrils<\/option><option value=\"el-masnou-ca\">El Masnou<\/option><option value=\"fogars-de-la-selva-ca\">Fogars de la Selva<\/option><option value=\"premia-de-dalt-ca\">Premi\u00e0 de Dalt<\/option><option value=\"sant-andreu-de-llavaneres-ca\">Sant Andreu de Llavaneres<\/option><option value=\"sant-cugat-del-valles-ca\">Sant Cugat del Vall\u00e9s<\/option><option value=\"santa-coloma-de-gramanet-ca\">Santa Coloma de Gramanet<\/option><option value=\"teia-ca\">Tei\u00e0<\/option><option value=\"tiana-ca\">Tiana<\/option><option value=\"vallromanes-ca\">Vallromanes<\/option>\n                    <\/select>\n                <\/div>\n                <div class=\"\">\n                    <button type=\"submit\" class=\"btn btn-secondary botoCercador\" type=\"submit\" style=\"border:1px solid #fff\">\n                        <svg xmlns=\"http:\/\/www.w3.org\/2000\/svg\" width=\"16\" height=\"16\" fill=\"#fff\" viewBox=\"0 0 16 16\">\n                            <path d=\"M11.742 10.344a6.5 6.5 0 1 0-1.397 1.398h-.001q.044.06.098.115l3.85 3.85a1 1 0 0 0 1.415-1.414l-3.85-3.85a1 1 0 0 0-.115-.1zM12 6.5a5.5 5.5 0 1 1-11 0 5.5 5.5 0 0 1 11 0\"\/>\n                        <\/svg>\n                    <\/button>\n                <\/div>\n            <\/div>\n        <\/form>\n    <\/div>\n\t\t\t\t\t\t<\/div>\n\t\t\t\t<\/div>\n\t\t\t\t<\/div>\n\t\t\t\t<\/div>\n\t\t\t\t<\/div>\n\t\t\t\t\t\t<\/div>\n\t\t\t\t<\/div>\n\t\t\t\t<\/div>\n\t\t\t\t\t<\/div>\n\t\t\t\t<\/div>\n\t\t<div class=\"elementor-element elementor-element-1eb3932 e-con-full e-flex e-con e-parent\" data-id=\"1eb3932\" data-element_type=\"container\" data-settings=\"{&quot;background_background&quot;:&quot;classic&quot;}\">\n\t\t<div class=\"elementor-element elementor-element-b49f7dd e-con-full e-flex e-con e-child\" data-id=\"b49f7dd\" data-element_type=\"container\">\n\t\t\t\t<div class=\"elementor-element elementor-element-d800a77 elementor-widget elementor-widget-image\" data-id=\"d800a77\" data-element_type=\"widget\" data-widget_type=\"image.default\">\n\t\t\t\t<div class=\"elementor-widget-container\">\n\t\t\t\t\t\t\t\t\t\t\t\t\t\t\t<img decoding=\"async\" width=\"250\" height=\"35\" src=\"https:\/\/berhouse.com\/wp-content\/uploads\/2024\/05\/logo-text-2.png\" class=\"attachment-full size-full wp-image-31\" alt=\"logo-text\" \/>\t\t\t\t\t\t\t\t\t\t\t\t\t\t\t<\/div>\n\t\t\t\t<\/div>\n\t\t\t\t<\/div>\n\t\t\t\t<\/div>\n\t\t<div class=\"elementor-element elementor-element-8b87c4b e-con-full e-flex e-con e-parent\" data-id=\"8b87c4b\" data-element_type=\"container\" data-settings=\"{&quot;background_background&quot;:&quot;classic&quot;}\">\n\t\t<div class=\"elementor-element elementor-element-2461d363 e-flex e-con-boxed e-con e-child\" data-id=\"2461d363\" data-element_type=\"container\">\n\t\t\t\t\t<div class=\"e-con-inner\">\n\t\t\t\t<div class=\"elementor-element elementor-element-2113303e elementor-widget__width-inherit elementor-widget-divider--view-line elementor-invisible elementor-widget elementor-widget-divider\" data-id=\"2113303e\" data-element_type=\"widget\" data-settings=\"{&quot;_animation&quot;:&quot;fadeInLeft&quot;}\" data-widget_type=\"divider.default\">\n\t\t\t\t<div class=\"elementor-widget-container\">\n\t\t\t\t\t\t\t<div class=\"elementor-divider\">\n\t\t\t<span class=\"elementor-divider-separator\">\n\t\t\t\t\t\t<\/span>\n\t\t<\/div>\n\t\t\t\t\t\t<\/div>\n\t\t\t\t<\/div>\n\t\t\t\t<div class=\"elementor-element elementor-element-3d0e372f elementor-widget__width-initial elementor-widget-tablet__width-inherit elementor-widget-mobile__width-inherit elementor-widget elementor-widget-heading\" data-id=\"3d0e372f\" data-element_type=\"widget\" data-widget_type=\"heading.default\">\n\t\t\t\t<div class=\"elementor-widget-container\">\n\t\t\t\t\t<h1 class=\"elementor-heading-title elementor-size-default\">La teva Ag\u00e8ncia Immobili\u00e0ria al Maresme, Berhouse<\/h1>\t\t\t\t<\/div>\n\t\t\t\t<\/div>\n\t\t\t\t<div class=\"elementor-element elementor-element-5edd50fb elementor-widget__width-initial elementor-widget-mobile__width-inherit elementor-widget elementor-widget-text-editor\" data-id=\"5edd50fb\" data-element_type=\"widget\" data-widget_type=\"text-editor.default\">\n\t\t\t\t<div class=\"elementor-widget-container\">\n\t\t\t\t\t\t\t\t\t<p>Amb 20 anys d&#8217;experi\u00e8ncia al sector, <b>Berhouse <\/b>s&#8217;ha consolidat com una <span style=\"color: var( --e-global-color-text );\">agencia de referencia a la regi\u00f3 del <b>Maresme<\/b>. El nostre objectiu principal \u00e9s <\/span><span style=\"color: var( --e-global-color-text );\">satisfer les necessitats de cada un dels nostres clients, escoltant i<\/span> <span style=\"color: var( --e-global-color-text );\">entenent les seves necessitats.<\/span><\/p>\n\t\t\t\t\t\t\t\t<\/div>\n\t\t\t\t<\/div>\n\t\t\t\t\t<\/div>\n\t\t\t\t<\/div>\n\t\t\t\t<\/div>\n\t\t<div class=\"elementor-element elementor-element-c23fdba e-con-full e-flex e-con e-parent\" data-id=\"c23fdba\" data-element_type=\"container\" data-settings=\"{&quot;background_background&quot;:&quot;classic&quot;}\">\n\t\t\t\t<\/div>\n\t\t<div class=\"elementor-element elementor-element-7facce8 e-flex e-con-boxed e-con e-parent\" data-id=\"7facce8\" data-element_type=\"container\" data-settings=\"{&quot;background_background&quot;:&quot;classic&quot;}\">\n\t\t\t\t\t<div class=\"e-con-inner\">\n\t\t\t\t<div class=\"elementor-element elementor-element-90c8480 elementor-widget__width-initial elementor-widget elementor-widget-text-editor\" data-id=\"90c8480\" data-element_type=\"widget\" data-widget_type=\"text-editor.default\">\n\t\t\t\t<div class=\"elementor-widget-container\">\n\t\t\t\t\t\t\t\t\t<p>Comptem amb un profund coneixement del mercat immobiliari a tota la zona del <b>Maresme<\/b>. Oferim una gran varietat de propietats a localitats com <b>El Masnou<\/b>, <b>Montgat<\/b>, <b>Alella<\/b>, <b>Tiana<\/b>, <b>Tei\u00e0<\/b>, <b>Vilassar de Mar\/Dalt<\/b>, <b>Premia de Mar\/Dalt<\/b> i <b>Cabrils<\/b>. Aquest ampli coneixement del mercat local ens permet ajudar els nostres clients a trobar l&#8217;habitatge que s&#8217;ajusti millor a les seves exig\u00e8ncies i necessitats.  <\/p>\n\t\t\t\t\t\t\t\t<\/div>\n\t\t\t\t<\/div>\n\t\t\t\t<div class=\"elementor-element elementor-element-3468458 elementor-widget__width-initial elementor-widget elementor-widget-text-editor\" data-id=\"3468458\" data-element_type=\"widget\" data-widget_type=\"text-editor.default\">\n\t\t\t\t<div class=\"elementor-widget-container\">\n\t\t\t\t\t\t\t\t\t<p>A <b>Berhouse<\/b>, ens enorgulleix seleccionar i presentar acuradament cadascun dels nostres immobles. El nostre objectiu \u00e9s proporcionar un <b>servei d&#8217;alta qualitat i assessorament personalitzat<\/b>, sempre guiats per una \u00e8tica professional que defensa els interessos tant dels clients com dels propietaris. Treballem dia a dia per millorar i superar les nostres pr\u00f2pies expectatives, construint un vincle de confian\u00e7a amb compradors i venedors. Aix\u00f2 ens ha perm\u00e8s ampliar cont\u00ednuament la nostra base de clients satisfets.   <\/p>\n\t\t\t\t\t\t\t\t<\/div>\n\t\t\t\t<\/div>\n\t\t\t\t<div class=\"elementor-element elementor-element-243be62 elementor-widget__width-initial elementor-widget elementor-widget-text-editor\" data-id=\"243be62\" data-element_type=\"widget\" data-widget_type=\"text-editor.default\">\n\t\t\t\t<div class=\"elementor-widget-container\">\n\t\t\t\t\t\t\t\t\t<p>El nostre comprom\u00eds \u00e9s treballar amb la m\u00e0xima serietat, professionalitat i dedicaci\u00f3, sempre enfocats a complir els objectius dels nostres clients. A <b>Berhouse<\/b>, ens esforcem per oferir un servei excepcional que garanteixi la satisfacci\u00f3 i la confian\u00e7a dels qui confien en nosaltres per a les seves necessitats immobili\u00e0ries. <\/p><\/p>\n\t\t\t\t\t\t\t\t<\/div>\n\t\t\t\t<\/div>\n\t\t\t\t\t<\/div>\n\t\t\t\t<\/div>\n\t\t<div class=\"elementor-element elementor-element-3caae35 e-flex e-con-boxed e-con e-parent\" data-id=\"3caae35\" data-element_type=\"container\" data-settings=\"{&quot;background_background&quot;:&quot;classic&quot;}\">\n\t\t\t\t\t<div class=\"e-con-inner\">\n\t\t\t\t<div class=\"elementor-element elementor-element-95dd817 elementor-widget elementor-widget-image\" data-id=\"95dd817\" data-element_type=\"widget\" data-widget_type=\"image.default\">\n\t\t\t\t<div class=\"elementor-widget-container\">\n\t\t\t\t\t\t\t\t\t\t\t\t\t\t\t<img decoding=\"async\" width=\"350\" height=\"350\" src=\"https:\/\/berhouse.com\/wp-content\/uploads\/2024\/05\/favicon-2.png\" class=\"attachment-large size-large wp-image-28\" alt=\"favicon\" srcset=\"https:\/\/berhouse.com\/wp-content\/uploads\/2024\/05\/favicon-2.png 350w, https:\/\/berhouse.com\/wp-content\/uploads\/2024\/05\/favicon-2-300x300.png 300w, https:\/\/berhouse.com\/wp-content\/uploads\/2024\/05\/favicon-2-150x150.png 150w\" sizes=\"(max-width: 350px) 100vw, 350px\" \/>\t\t\t\t\t\t\t\t\t\t\t\t\t\t\t<\/div>\n\t\t\t\t<\/div>\n\t\t\t\t<div class=\"elementor-element elementor-element-ca57bac animated-slow elementor-invisible elementor-widget elementor-widget-heading\" data-id=\"ca57bac\" data-element_type=\"widget\" data-settings=\"{&quot;_animation&quot;:&quot;slideInUp&quot;}\" data-widget_type=\"heading.default\">\n\t\t\t\t<div class=\"elementor-widget-container\">\n\t\t\t\t\t<h2 class=\"elementor-heading-title elementor-size-default\">Para cualquier consulta o necesidad, no dudes en contactarnos. Estamos aqu\u00ed para&lt; wpml_linebreak &gt;\nayudarte a encontrar tu hogar ideal en el Maresme. <\/h2>\t\t\t\t<\/div>\n\t\t\t\t<\/div>\n\t\t\t\t<div class=\"elementor-element elementor-element-e35d4c7 elementor-widget__width-initial elementor-widget-tablet__width-inherit elementor-widget elementor-widget-heading\" data-id=\"e35d4c7\" data-element_type=\"widget\" data-widget_type=\"heading.default\">\n\t\t\t\t<div class=\"elementor-widget-container\">\n\t\t\t\t\t<h2 class=\"elementor-heading-title elementor-size-default\">Gr\u00e0cies per confiar en Berhouse!<\/h2>\t\t\t\t<\/div>\n\t\t\t\t<\/div>\n\t\t\t\t<div class=\"elementor-element elementor-element-a544f0b elementor-align-center elementor-widget elementor-widget-button\" data-id=\"a544f0b\" data-element_type=\"widget\" data-widget_type=\"button.default\">\n\t\t\t\t<div class=\"elementor-widget-container\">\n\t\t\t\t\t\t\t\t\t<div class=\"elementor-button-wrapper\">\n\t\t\t\t\t<a class=\"elementor-button elementor-button-link elementor-size-sm\" href=\"https:\/\/berhouse.com\/ca\/contacte\/\">\n\t\t\t\t\t\t<span class=\"elementor-button-content-wrapper\">\n\t\t\t\t\t\t\t\t\t<span class=\"elementor-button-text\">Contacta'ns<\/span>\n\t\t\t\t\t<\/span>\n\t\t\t\t\t<\/a>\n\t\t\t\t<\/div>\n\t\t\t\t\t\t\t\t<\/div>\n\t\t\t\t<\/div>\n\t\t\t\t\t<\/div>\n\t\t\t\t<\/div>\n\t\t\t\t<\/div>\n\t\t","protected":false},"excerpt":{"rendered":"<p>La teva Ag\u00e8ncia Immobili\u00e0ria al Maresme, Berhouse Amb 20 anys d&#8217;experi\u00e8ncia al sector, Berhouse s&#8217;ha consolidat com una agencia de referencia a la regi\u00f3 del Maresme. El nostre objectiu principal \u00e9s satisfer les necessitats de cada un dels nostres clients, escoltant i entenent les seves necessitats. Comptem amb un profund coneixement del mercat immobiliari a [&hellip;]<\/p>\n","protected":false},"author":1,"featured_media":0,"parent":0,"menu_order":0,"comment_status":"closed","ping_status":"closed","template":"","meta":{"footnotes":""},"class_list":["post-1616","page","type-page","status-publish","hentry"],"yoast_head":"<!-- This site is optimized with the Yoast SEO plugin v26.5 - https:\/\/yoast.com\/wordpress\/plugins\/seo\/ -->\n<title>Qui som - Berhouse<\/title>\n<meta name=\"robots\" content=\"index, follow, max-snippet:-1, max-image-preview:large, max-video-preview:-1\" \/>\n<link rel=\"canonical\" href=\"https:\/\/berhouse.com\/ca\/qui-som\/\" \/>\n<meta property=\"og:locale\" content=\"ca_ES\" \/>\n<meta property=\"og:type\" content=\"article\" \/>\n<meta property=\"og:title\" content=\"Qui som - Berhouse\" \/>\n<meta property=\"og:description\" content=\"La teva Ag\u00e8ncia Immobili\u00e0ria al Maresme, Berhouse Amb 20 anys d&#8217;experi\u00e8ncia al sector, Berhouse s&#8217;ha consolidat com una agencia de referencia a la regi\u00f3 del Maresme. El nostre objectiu principal \u00e9s satisfer les necessitats de cada un dels nostres clients, escoltant i entenent les seves necessitats. Comptem amb un profund coneixement del mercat immobiliari a [&hellip;]\" \/>\n<meta property=\"og:url\" content=\"https:\/\/berhouse.com\/ca\/qui-som\/\" \/>\n<meta property=\"og:site_name\" content=\"Berhouse\" \/>\n<meta property=\"article:modified_time\" content=\"2025-03-11T15:59:52+00:00\" \/>\n<meta property=\"og:image\" content=\"https:\/\/berhouse.com\/wp-content\/uploads\/2024\/05\/logo-text-2.png\" \/>\n\t<meta property=\"og:image:width\" content=\"250\" \/>\n\t<meta property=\"og:image:height\" content=\"35\" \/>\n\t<meta property=\"og:image:type\" content=\"image\/png\" \/>\n<meta name=\"twitter:card\" content=\"summary_large_image\" \/>\n<meta name=\"twitter:label1\" content=\"Temps estimat de lectura\" \/>\n\t<meta name=\"twitter:data1\" content=\"1 minut\" \/>\n<script type=\"application\/ld+json\" class=\"yoast-schema-graph\">{\"@context\":\"https:\/\/schema.org\",\"@graph\":[{\"@type\":\"WebPage\",\"@id\":\"https:\/\/berhouse.com\/ca\/qui-som\/\",\"url\":\"https:\/\/berhouse.com\/ca\/qui-som\/\",\"name\":\"Qui som - Berhouse\",\"isPartOf\":{\"@id\":\"https:\/\/berhouse.com\/ca\/#website\"},\"primaryImageOfPage\":{\"@id\":\"https:\/\/berhouse.com\/ca\/qui-som\/#primaryimage\"},\"image\":{\"@id\":\"https:\/\/berhouse.com\/ca\/qui-som\/#primaryimage\"},\"thumbnailUrl\":\"https:\/\/berhouse.com\/wp-content\/uploads\/2024\/05\/logo-text-2.png\",\"datePublished\":\"2024-05-14T08:33:29+00:00\",\"dateModified\":\"2025-03-11T15:59:52+00:00\",\"breadcrumb\":{\"@id\":\"https:\/\/berhouse.com\/ca\/qui-som\/#breadcrumb\"},\"inLanguage\":\"ca\",\"potentialAction\":[{\"@type\":\"ReadAction\",\"target\":[\"https:\/\/berhouse.com\/ca\/qui-som\/\"]}]},{\"@type\":\"ImageObject\",\"inLanguage\":\"ca\",\"@id\":\"https:\/\/berhouse.com\/ca\/qui-som\/#primaryimage\",\"url\":\"https:\/\/berhouse.com\/wp-content\/uploads\/2024\/05\/logo-text-2.png\",\"contentUrl\":\"https:\/\/berhouse.com\/wp-content\/uploads\/2024\/05\/logo-text-2.png\"},{\"@type\":\"BreadcrumbList\",\"@id\":\"https:\/\/berhouse.com\/ca\/qui-som\/#breadcrumb\",\"itemListElement\":[{\"@type\":\"ListItem\",\"position\":1,\"name\":\"Portada\",\"item\":\"https:\/\/berhouse.com\/ca\/\"},{\"@type\":\"ListItem\",\"position\":2,\"name\":\"Qui som\"}]},{\"@type\":\"WebSite\",\"@id\":\"https:\/\/berhouse.com\/ca\/#website\",\"url\":\"https:\/\/berhouse.com\/ca\/\",\"name\":\"Berhouse\",\"description\":\"Servicios Inmobiliarios\",\"publisher\":{\"@id\":\"https:\/\/berhouse.com\/ca\/#organization\"},\"alternateName\":\"Tu agencia inmobiliaria en el Maresme\",\"potentialAction\":[{\"@type\":\"SearchAction\",\"target\":{\"@type\":\"EntryPoint\",\"urlTemplate\":\"https:\/\/berhouse.com\/ca\/?s={search_term_string}\"},\"query-input\":{\"@type\":\"PropertyValueSpecification\",\"valueRequired\":true,\"valueName\":\"search_term_string\"}}],\"inLanguage\":\"ca\"},{\"@type\":\"Organization\",\"@id\":\"https:\/\/berhouse.com\/ca\/#organization\",\"name\":\"Berhouse\",\"url\":\"https:\/\/berhouse.com\/ca\/\",\"logo\":{\"@type\":\"ImageObject\",\"inLanguage\":\"ca\",\"@id\":\"https:\/\/berhouse.com\/ca\/#\/schema\/logo\/image\/\",\"url\":\"https:\/\/berhouse.com\/wp-content\/uploads\/2024\/05\/logo-berhouse-1.webp\",\"contentUrl\":\"https:\/\/berhouse.com\/wp-content\/uploads\/2024\/05\/logo-berhouse-1.webp\",\"width\":250,\"height\":35,\"caption\":\"Berhouse\"},\"image\":{\"@id\":\"https:\/\/berhouse.com\/ca\/#\/schema\/logo\/image\/\"}}]}<\/script>\n<!-- \/ Yoast SEO plugin. -->","yoast_head_json":{"title":"Qui som - Berhouse","robots":{"index":"index","follow":"follow","max-snippet":"max-snippet:-1","max-image-preview":"max-image-preview:large","max-video-preview":"max-video-preview:-1"},"canonical":"https:\/\/berhouse.com\/ca\/qui-som\/","og_locale":"ca_ES","og_type":"article","og_title":"Qui som - Berhouse","og_description":"La teva Ag\u00e8ncia Immobili\u00e0ria al Maresme, Berhouse Amb 20 anys d&#8217;experi\u00e8ncia al sector, Berhouse s&#8217;ha consolidat com una agencia de referencia a la regi\u00f3 del Maresme. El nostre objectiu principal \u00e9s satisfer les necessitats de cada un dels nostres clients, escoltant i entenent les seves necessitats. Comptem amb un profund coneixement del mercat immobiliari a [&hellip;]","og_url":"https:\/\/berhouse.com\/ca\/qui-som\/","og_site_name":"Berhouse","article_modified_time":"2025-03-11T15:59:52+00:00","og_image":[{"width":250,"height":35,"url":"https:\/\/berhouse.com\/wp-content\/uploads\/2024\/05\/logo-text-2.png","type":"image\/png"}],"twitter_card":"summary_large_image","twitter_misc":{"Temps estimat de lectura":"1 minut"},"schema":{"@context":"https:\/\/schema.org","@graph":[{"@type":"WebPage","@id":"https:\/\/berhouse.com\/ca\/qui-som\/","url":"https:\/\/berhouse.com\/ca\/qui-som\/","name":"Qui som - Berhouse","isPartOf":{"@id":"https:\/\/berhouse.com\/ca\/#website"},"primaryImageOfPage":{"@id":"https:\/\/berhouse.com\/ca\/qui-som\/#primaryimage"},"image":{"@id":"https:\/\/berhouse.com\/ca\/qui-som\/#primaryimage"},"thumbnailUrl":"https:\/\/berhouse.com\/wp-content\/uploads\/2024\/05\/logo-text-2.png","datePublished":"2024-05-14T08:33:29+00:00","dateModified":"2025-03-11T15:59:52+00:00","breadcrumb":{"@id":"https:\/\/berhouse.com\/ca\/qui-som\/#breadcrumb"},"inLanguage":"ca","potentialAction":[{"@type":"ReadAction","target":["https:\/\/berhouse.com\/ca\/qui-som\/"]}]},{"@type":"ImageObject","inLanguage":"ca","@id":"https:\/\/berhouse.com\/ca\/qui-som\/#primaryimage","url":"https:\/\/berhouse.com\/wp-content\/uploads\/2024\/05\/logo-text-2.png","contentUrl":"https:\/\/berhouse.com\/wp-content\/uploads\/2024\/05\/logo-text-2.png"},{"@type":"BreadcrumbList","@id":"https:\/\/berhouse.com\/ca\/qui-som\/#breadcrumb","itemListElement":[{"@type":"ListItem","position":1,"name":"Portada","item":"https:\/\/berhouse.com\/ca\/"},{"@type":"ListItem","position":2,"name":"Qui som"}]},{"@type":"WebSite","@id":"https:\/\/berhouse.com\/ca\/#website","url":"https:\/\/berhouse.com\/ca\/","name":"Berhouse","description":"Servicios Inmobiliarios","publisher":{"@id":"https:\/\/berhouse.com\/ca\/#organization"},"alternateName":"Tu agencia inmobiliaria en el Maresme","potentialAction":[{"@type":"SearchAction","target":{"@type":"EntryPoint","urlTemplate":"https:\/\/berhouse.com\/ca\/?s={search_term_string}"},"query-input":{"@type":"PropertyValueSpecification","valueRequired":true,"valueName":"search_term_string"}}],"inLanguage":"ca"},{"@type":"Organization","@id":"https:\/\/berhouse.com\/ca\/#organization","name":"Berhouse","url":"https:\/\/berhouse.com\/ca\/","logo":{"@type":"ImageObject","inLanguage":"ca","@id":"https:\/\/berhouse.com\/ca\/#\/schema\/logo\/image\/","url":"https:\/\/berhouse.com\/wp-content\/uploads\/2024\/05\/logo-berhouse-1.webp","contentUrl":"https:\/\/berhouse.com\/wp-content\/uploads\/2024\/05\/logo-berhouse-1.webp","width":250,"height":35,"caption":"Berhouse"},"image":{"@id":"https:\/\/berhouse.com\/ca\/#\/schema\/logo\/image\/"}}]}},"_links":{"self":[{"href":"https:\/\/berhouse.com\/ca\/wp-json\/wp\/v2\/pages\/1616","targetHints":{"allow":["GET"]}}],"collection":[{"href":"https:\/\/berhouse.com\/ca\/wp-json\/wp\/v2\/pages"}],"about":[{"href":"https:\/\/berhouse.com\/ca\/wp-json\/wp\/v2\/types\/page"}],"author":[{"embeddable":true,"href":"https:\/\/berhouse.com\/ca\/wp-json\/wp\/v2\/users\/1"}],"replies":[{"embeddable":true,"href":"https:\/\/berhouse.com\/ca\/wp-json\/wp\/v2\/comments?post=1616"}],"version-history":[{"count":0,"href":"https:\/\/berhouse.com\/ca\/wp-json\/wp\/v2\/pages\/1616\/revisions"}],"wp:attachment":[{"href":"https:\/\/berhouse.com\/ca\/wp-json\/wp\/v2\/media?parent=1616"}],"curies":[{"name":"wp","href":"https:\/\/api.w.org\/{rel}","templated":true}]}}